{"id":253,"date":"2022-08-30T20:55:30","date_gmt":"2022-08-30T20:55:30","guid":{"rendered":"https:\/\/sumarecoleta.com\/special-offers-2\/"},"modified":"2023-05-26T13:44:36","modified_gmt":"2023-05-26T13:44:36","slug":"buenos-aires","status":"publish","type":"page","link":"https:\/\/sumarecoleta.com\/esp\/buenos-aires\/","title":{"rendered":"Buenos Aires"},"content":{"rendered":"\t\t<div data-elementor-type=\"wp-page\" data-elementor-id=\"253\" class=\"elementor elementor-253\" data-elementor-post-type=\"page\">\n\t\t\t\t\t\t<section class=\"elementor-section elementor-top-section elementor-element elementor-element-22efc73c elementor-section-height-min-height elementor-section-full_width elementor-section-items-stretch elementor-section-content-middle elementor-section-height-default\" data-id=\"22efc73c\" data-element_type=\"section\" data-settings=\"{&quot;background_background&quot;:&quot;classic&quot;}\">\n\t\t\t\t\t\t\t<div class=\"elementor-background-overlay\"><\/div>\n\t\t\t\t\t\t\t<div class=\"elementor-container elementor-column-gap-default\">\n\t\t\t\t\t<div class=\"elementor-column elementor-col-100 elementor-top-column elementor-element elementor-element-5a3cd33d\" data-id=\"5a3cd33d\" data-element_type=\"column\">\n\t\t\t<div class=\"elementor-widget-wrap elementor-element-populated\">\n\t\t\t\t\t\t<div class=\"elementor-element elementor-element-12576f35 elementor-widget elementor-widget-heading\" data-id=\"12576f35\" data-element_type=\"widget\" data-widget_type=\"heading.default\">\n\t\t\t\t<div class=\"elementor-widget-container\">\n\t\t\t\t\t<h1 class=\"elementor-heading-title elementor-size-default\">Buenos Aires<\/h1>\t\t\t\t<\/div>\n\t\t\t\t<\/div>\n\t\t\t\t\t<\/div>\n\t\t<\/div>\n\t\t\t\t\t<\/div>\n\t\t<\/section>\n\t\t\t\t<section class=\"elementor-section elementor-top-section elementor-element elementor-element-6a71ae38 elementor-section-full_width elementor-section-height-min-height elementor-section-height-default elementor-section-items-middle\" data-id=\"6a71ae38\" data-element_type=\"section\" id=\"signature_package\">\n\t\t\t\t\t\t<div class=\"elementor-container elementor-column-gap-no\">\n\t\t\t\t\t<div class=\"elementor-column elementor-col-50 elementor-top-column elementor-element elementor-element-1739b288\" data-id=\"1739b288\" data-element_type=\"column\">\n\t\t\t<div class=\"elementor-widget-wrap elementor-element-populated\">\n\t\t\t\t\t\t<div class=\"elementor-element elementor-element-32310140 animated-slow elementor-invisible elementor-widget elementor-widget-heading\" data-id=\"32310140\" data-element_type=\"widget\" data-settings=\"{&quot;_animation&quot;:&quot;fadeIn&quot;}\" data-widget_type=\"heading.default\">\n\t\t\t\t<div class=\"elementor-widget-container\">\n\t\t\t\t\t<h2 class=\"elementor-heading-title elementor-size-default\">CULTURA<\/h2>\t\t\t\t<\/div>\n\t\t\t\t<\/div>\n\t\t\t\t<section class=\"elementor-section elementor-inner-section elementor-element elementor-element-8c3e4c4 elementor-section-full_width elementor-section-height-default elementor-section-height-default\" data-id=\"8c3e4c4\" data-element_type=\"section\">\n\t\t\t\t\t\t<div class=\"elementor-container elementor-column-gap-no\">\n\t\t\t\t\t<div class=\"elementor-column elementor-col-100 elementor-inner-column elementor-element elementor-element-273a354d\" data-id=\"273a354d\" data-element_type=\"column\">\n\t\t\t<div class=\"elementor-widget-wrap elementor-element-populated\">\n\t\t\t\t\t\t<div class=\"elementor-element elementor-element-1adc813e animated-slow elementor-invisible elementor-widget elementor-widget-text-editor\" data-id=\"1adc813e\" data-element_type=\"widget\" data-settings=\"{&quot;_animation&quot;:&quot;fadeIn&quot;,&quot;_animation_delay&quot;:100}\" data-widget_type=\"text-editor.default\">\n\t\t\t\t<div class=\"elementor-widget-container\">\n\t\t\t\t\t\t\t\t\t<p>El desarrollo cultural se aprecia en la gran cantidad de museos, teatros y bibliotecas que pueden encontrarse en la ciudad. Tambi\u00e9n se destaca por su industria editorial y por tener una identidad cultural propia, reflejada en manifestaciones como el fileteado, el lunfardo, el tango, el mate y los carnavales porte\u00f1os.<\/p>\t\t\t\t\t\t\t\t<\/div>\n\t\t\t\t<\/div>\n\t\t\t\t\t<\/div>\n\t\t<\/div>\n\t\t\t\t\t<\/div>\n\t\t<\/section>\n\t\t\t\t\t<\/div>\n\t\t<\/div>\n\t\t\t\t<div class=\"elementor-column elementor-col-50 elementor-top-column elementor-element elementor-element-594522d9\" data-id=\"594522d9\" data-element_type=\"column\" data-settings=\"{&quot;background_background&quot;:&quot;classic&quot;}\">\n\t\t\t<div class=\"elementor-widget-wrap elementor-element-populated\">\n\t\t\t\t\t\t<div class=\"elementor-element elementor-element-7c5781b elementor-widget elementor-widget-image\" data-id=\"7c5781b\" data-element_type=\"widget\" data-widget_type=\"image.default\">\n\t\t\t\t<div class=\"elementor-widget-container\">\n\t\t\t\t\t\t\t\t\t\t\t\t\t\t\t<img fetchpriority=\"high\" decoding=\"async\" width=\"1024\" height=\"682\" src=\"https:\/\/sumarecoleta.com\/wp-content\/uploads\/2022\/10\/opera-g2154c7747_1280-1024x682.jpg\" class=\"attachment-large size-large wp-image-830\" alt=\"\" srcset=\"https:\/\/sumarecoleta.com\/wp-content\/uploads\/2022\/10\/opera-g2154c7747_1280-1024x682.jpg 1024w, https:\/\/sumarecoleta.com\/wp-content\/uploads\/2022\/10\/opera-g2154c7747_1280-300x200.jpg 300w, https:\/\/sumarecoleta.com\/wp-content\/uploads\/2022\/10\/opera-g2154c7747_1280-768x511.jpg 768w, https:\/\/sumarecoleta.com\/wp-content\/uploads\/2022\/10\/opera-g2154c7747_1280.jpg 1280w\" sizes=\"(max-width: 1024px) 100vw, 1024px\" \/>\t\t\t\t\t\t\t\t\t\t\t\t\t\t\t<\/div>\n\t\t\t\t<\/div>\n\t\t\t\t\t<\/div>\n\t\t<\/div>\n\t\t\t\t\t<\/div>\n\t\t<\/section>\n\t\t\t\t<section class=\"elementor-section elementor-top-section elementor-element elementor-element-5038e052 elementor-section-full_width elementor-section-height-min-height elementor-section-height-default elementor-section-items-middle\" data-id=\"5038e052\" data-element_type=\"section\" id=\"family_package\">\n\t\t\t\t\t\t<div class=\"elementor-container elementor-column-gap-no\">\n\t\t\t\t\t<div class=\"elementor-column elementor-col-50 elementor-top-column elementor-element elementor-element-32408f83\" data-id=\"32408f83\" data-element_type=\"column\" data-settings=\"{&quot;background_background&quot;:&quot;classic&quot;}\">\n\t\t\t<div class=\"elementor-widget-wrap elementor-element-populated\">\n\t\t\t\t\t\t<div class=\"elementor-element elementor-element-ed399b9 elementor-widget elementor-widget-image\" data-id=\"ed399b9\" data-element_type=\"widget\" data-widget_type=\"image.default\">\n\t\t\t\t<div class=\"elementor-widget-container\">\n\t\t\t\t\t\t\t\t\t\t\t\t\t\t\t<img decoding=\"async\" width=\"1024\" height=\"682\" src=\"https:\/\/sumarecoleta.com\/wp-content\/uploads\/2022\/10\/abstract-ge012c6470_1280-1024x682.jpg\" class=\"attachment-large size-large wp-image-827\" alt=\"\" srcset=\"https:\/\/sumarecoleta.com\/wp-content\/uploads\/2022\/10\/abstract-ge012c6470_1280-1024x682.jpg 1024w, https:\/\/sumarecoleta.com\/wp-content\/uploads\/2022\/10\/abstract-ge012c6470_1280-300x200.jpg 300w, https:\/\/sumarecoleta.com\/wp-content\/uploads\/2022\/10\/abstract-ge012c6470_1280-768x512.jpg 768w, https:\/\/sumarecoleta.com\/wp-content\/uploads\/2022\/10\/abstract-ge012c6470_1280.jpg 1280w\" sizes=\"(max-width: 1024px) 100vw, 1024px\" \/>\t\t\t\t\t\t\t\t\t\t\t\t\t\t\t<\/div>\n\t\t\t\t<\/div>\n\t\t\t\t\t<\/div>\n\t\t<\/div>\n\t\t\t\t<div class=\"elementor-column elementor-col-50 elementor-top-column elementor-element elementor-element-5c88135d\" data-id=\"5c88135d\" data-element_type=\"column\">\n\t\t\t<div class=\"elementor-widget-wrap elementor-element-populated\">\n\t\t\t\t\t\t<div class=\"elementor-element elementor-element-8677628 animated-slow elementor-invisible elementor-widget elementor-widget-heading\" data-id=\"8677628\" data-element_type=\"widget\" data-settings=\"{&quot;_animation&quot;:&quot;fadeIn&quot;}\" data-widget_type=\"heading.default\">\n\t\t\t\t<div class=\"elementor-widget-container\">\n\t\t\t\t\t<h2 class=\"elementor-heading-title elementor-size-default\">GASTRONOM\u00cdA<\/h2>\t\t\t\t<\/div>\n\t\t\t\t<\/div>\n\t\t\t\t<section class=\"elementor-section elementor-inner-section elementor-element elementor-element-38614129 elementor-section-full_width elementor-section-height-default elementor-section-height-default\" data-id=\"38614129\" data-element_type=\"section\">\n\t\t\t\t\t\t<div class=\"elementor-container elementor-column-gap-no\">\n\t\t\t\t\t<div class=\"elementor-column elementor-col-100 elementor-inner-column elementor-element elementor-element-2e77968b\" data-id=\"2e77968b\" data-element_type=\"column\">\n\t\t\t<div class=\"elementor-widget-wrap elementor-element-populated\">\n\t\t\t\t\t\t<div class=\"elementor-element elementor-element-77f345c7 animated-slow elementor-invisible elementor-widget elementor-widget-text-editor\" data-id=\"77f345c7\" data-element_type=\"widget\" data-settings=\"{&quot;_animation&quot;:&quot;fadeIn&quot;,&quot;_animation_delay&quot;:100}\" data-widget_type=\"text-editor.default\">\n\t\t\t\t<div class=\"elementor-widget-container\">\n\t\t\t\t\t\t\t\t\t<p>La gastronom\u00eda de la ciudad de Buenos Aires se caracteriza por dos grandes aportes europeos: el italiano y el espa\u00f1ol, es igual de variada que el resto de la cultura, incluyendo carnes rojas, pescados, pastas y las empanadas, que son originarias del noroeste argentino.<\/p>\t\t\t\t\t\t\t\t<\/div>\n\t\t\t\t<\/div>\n\t\t\t\t\t<\/div>\n\t\t<\/div>\n\t\t\t\t\t<\/div>\n\t\t<\/section>\n\t\t\t\t\t<\/div>\n\t\t<\/div>\n\t\t\t\t\t<\/div>\n\t\t<\/section>\n\t\t\t\t<section class=\"elementor-section elementor-top-section elementor-element elementor-element-386f2b95 elementor-section-full_width elementor-section-height-min-height elementor-section-height-default elementor-section-items-middle\" data-id=\"386f2b95\" data-element_type=\"section\">\n\t\t\t\t\t\t<div class=\"elementor-container elementor-column-gap-no\">\n\t\t\t\t\t<div class=\"elementor-column elementor-col-50 elementor-top-column elementor-element elementor-element-5c71f4a8\" data-id=\"5c71f4a8\" data-element_type=\"column\">\n\t\t\t<div class=\"elementor-widget-wrap elementor-element-populated\">\n\t\t\t\t\t\t<div class=\"elementor-element elementor-element-22dbc7e1 animated-slow elementor-invisible elementor-widget elementor-widget-heading\" data-id=\"22dbc7e1\" data-element_type=\"widget\" data-settings=\"{&quot;_animation&quot;:&quot;fadeIn&quot;}\" data-widget_type=\"heading.default\">\n\t\t\t\t<div class=\"elementor-widget-container\">\n\t\t\t\t\t<h2 class=\"elementor-heading-title elementor-size-default\">F\u00daTBOL<\/h2>\t\t\t\t<\/div>\n\t\t\t\t<\/div>\n\t\t\t\t<section class=\"elementor-section elementor-inner-section elementor-element elementor-element-999d0ba elementor-section-full_width elementor-section-height-default elementor-section-height-default\" data-id=\"999d0ba\" data-element_type=\"section\">\n\t\t\t\t\t\t<div class=\"elementor-container elementor-column-gap-no\">\n\t\t\t\t\t<div class=\"elementor-column elementor-col-100 elementor-inner-column elementor-element elementor-element-3d24351\" data-id=\"3d24351\" data-element_type=\"column\">\n\t\t\t<div class=\"elementor-widget-wrap elementor-element-populated\">\n\t\t\t\t\t\t<div class=\"elementor-element elementor-element-41da7a1 animated-slow elementor-invisible elementor-widget elementor-widget-text-editor\" data-id=\"41da7a1\" data-element_type=\"widget\" data-settings=\"{&quot;_animation&quot;:&quot;fadeIn&quot;,&quot;_animation_delay&quot;:100}\" data-widget_type=\"text-editor.default\">\n\t\t\t\t<div class=\"elementor-widget-container\">\n\t\t\t\t\t\t\t\t\t<p>El f\u00fatbol en Argentina es cosa seria. Existen los fan\u00e1ticos, adeptos y quienes a pesar de que no les interesa, siempre lo tienen a la vuelta de la esquina ya sea por un amigo, familiar, etc. Siempre est\u00e1 presente y es un estilo de vida para quienes lo practican y miran que genera a los ojos de los extranjeros mucha intriga. Ir a un partido es una experiencia tan similar y diferente a la vez, que cada a\u00f1o decenas de turistas, futboleros, llegan al pa\u00eds para tratar de compartir y entender la locura argentina.<\/p>\t\t\t\t\t\t\t\t<\/div>\n\t\t\t\t<\/div>\n\t\t\t\t\t<\/div>\n\t\t<\/div>\n\t\t\t\t\t<\/div>\n\t\t<\/section>\n\t\t\t\t\t<\/div>\n\t\t<\/div>\n\t\t\t\t<div class=\"elementor-column elementor-col-50 elementor-top-column elementor-element elementor-element-3ca1d245\" data-id=\"3ca1d245\" data-element_type=\"column\" data-settings=\"{&quot;background_background&quot;:&quot;classic&quot;}\">\n\t\t\t<div class=\"elementor-widget-wrap elementor-element-populated\">\n\t\t\t\t\t\t<div class=\"elementor-element elementor-element-358f574 elementor-widget elementor-widget-image\" data-id=\"358f574\" data-element_type=\"widget\" data-widget_type=\"image.default\">\n\t\t\t\t<div class=\"elementor-widget-container\">\n\t\t\t\t\t\t\t\t\t\t\t\t\t\t\t<img decoding=\"async\" width=\"1024\" height=\"682\" src=\"https:\/\/sumarecoleta.com\/wp-content\/uploads\/2022\/10\/sport-g6632c005a_1280-1024x682.jpg\" class=\"attachment-large size-large wp-image-829\" alt=\"\" srcset=\"https:\/\/sumarecoleta.com\/wp-content\/uploads\/2022\/10\/sport-g6632c005a_1280-1024x682.jpg 1024w, https:\/\/sumarecoleta.com\/wp-content\/uploads\/2022\/10\/sport-g6632c005a_1280-300x200.jpg 300w, https:\/\/sumarecoleta.com\/wp-content\/uploads\/2022\/10\/sport-g6632c005a_1280-768x512.jpg 768w, https:\/\/sumarecoleta.com\/wp-content\/uploads\/2022\/10\/sport-g6632c005a_1280.jpg 1280w\" sizes=\"(max-width: 1024px) 100vw, 1024px\" \/>\t\t\t\t\t\t\t\t\t\t\t\t\t\t\t<\/div>\n\t\t\t\t<\/div>\n\t\t\t\t\t<\/div>\n\t\t<\/div>\n\t\t\t\t\t<\/div>\n\t\t<\/section>\n\t\t\t\t<section class=\"elementor-section elementor-top-section elementor-element elementor-element-498ea51 elementor-section-full_width elementor-section-height-min-height elementor-section-height-default elementor-section-items-middle\" data-id=\"498ea51\" data-element_type=\"section\">\n\t\t\t\t\t\t<div class=\"elementor-container elementor-column-gap-no\">\n\t\t\t\t\t<div class=\"elementor-column elementor-col-50 elementor-top-column elementor-element elementor-element-a5b3b92\" data-id=\"a5b3b92\" data-element_type=\"column\" data-settings=\"{&quot;background_background&quot;:&quot;classic&quot;}\">\n\t\t\t<div class=\"elementor-widget-wrap elementor-element-populated\">\n\t\t\t\t\t\t<div class=\"elementor-element elementor-element-cab898d elementor-widget elementor-widget-image\" data-id=\"cab898d\" data-element_type=\"widget\" data-widget_type=\"image.default\">\n\t\t\t\t<div class=\"elementor-widget-container\">\n\t\t\t\t\t\t\t\t\t\t\t\t\t\t\t<img loading=\"lazy\" decoding=\"async\" width=\"1024\" height=\"768\" src=\"https:\/\/sumarecoleta.com\/wp-content\/uploads\/2022\/10\/christian-von-koenig-7Nf-8IZOV78-unsplash-1024x768.jpg\" class=\"attachment-large size-large wp-image-832\" alt=\"\" srcset=\"https:\/\/sumarecoleta.com\/wp-content\/uploads\/2022\/10\/christian-von-koenig-7Nf-8IZOV78-unsplash-1024x768.jpg 1024w, https:\/\/sumarecoleta.com\/wp-content\/uploads\/2022\/10\/christian-von-koenig-7Nf-8IZOV78-unsplash-300x225.jpg 300w, https:\/\/sumarecoleta.com\/wp-content\/uploads\/2022\/10\/christian-von-koenig-7Nf-8IZOV78-unsplash-768x576.jpg 768w, https:\/\/sumarecoleta.com\/wp-content\/uploads\/2022\/10\/christian-von-koenig-7Nf-8IZOV78-unsplash-1536x1152.jpg 1536w, https:\/\/sumarecoleta.com\/wp-content\/uploads\/2022\/10\/christian-von-koenig-7Nf-8IZOV78-unsplash-2048x1536.jpg 2048w, https:\/\/sumarecoleta.com\/wp-content\/uploads\/2022\/10\/christian-von-koenig-7Nf-8IZOV78-unsplash-scaled.jpg 1400w\" sizes=\"(max-width: 1024px) 100vw, 1024px\" \/>\t\t\t\t\t\t\t\t\t\t\t\t\t\t\t<\/div>\n\t\t\t\t<\/div>\n\t\t\t\t\t<\/div>\n\t\t<\/div>\n\t\t\t\t<div class=\"elementor-column elementor-col-50 elementor-top-column elementor-element elementor-element-4e3825e\" data-id=\"4e3825e\" data-element_type=\"column\">\n\t\t\t<div class=\"elementor-widget-wrap elementor-element-populated\">\n\t\t\t\t\t\t<div class=\"elementor-element elementor-element-a2383e1 animated-slow elementor-invisible elementor-widget elementor-widget-heading\" data-id=\"a2383e1\" data-element_type=\"widget\" data-settings=\"{&quot;_animation&quot;:&quot;fadeIn&quot;}\" data-widget_type=\"heading.default\">\n\t\t\t\t<div class=\"elementor-widget-container\">\n\t\t\t\t\t<h2 class=\"elementor-heading-title elementor-size-default\">VERDE<\/h2>\t\t\t\t<\/div>\n\t\t\t\t<\/div>\n\t\t\t\t<section class=\"elementor-section elementor-inner-section elementor-element elementor-element-7cab0d0 elementor-section-full_width elementor-section-height-default elementor-section-height-default\" data-id=\"7cab0d0\" data-element_type=\"section\">\n\t\t\t\t\t\t<div class=\"elementor-container elementor-column-gap-no\">\n\t\t\t\t\t<div class=\"elementor-column elementor-col-100 elementor-inner-column elementor-element elementor-element-49e39ae\" data-id=\"49e39ae\" data-element_type=\"column\">\n\t\t\t<div class=\"elementor-widget-wrap elementor-element-populated\">\n\t\t\t\t\t\t<div class=\"elementor-element elementor-element-554d9bd animated-slow elementor-invisible elementor-widget elementor-widget-text-editor\" data-id=\"554d9bd\" data-element_type=\"widget\" data-settings=\"{&quot;_animation&quot;:&quot;fadeIn&quot;,&quot;_animation_delay&quot;:100}\" data-widget_type=\"text-editor.default\">\n\t\t\t\t<div class=\"elementor-widget-container\">\n\t\t\t\t\t\t\t\t\t<p>A pesar de ser uno de los centros urbanos m\u00e1s importantes de la regi\u00f3n, Buenos Aires tiene una gran cantidad de espacios verdes para disfrutar, relajarse y contemplar.<\/p><p>Desde un jard\u00edn nip\u00f3n con puentes, lagos y especies orientales hasta plazas y grandes parques como el Tres de Febrero, pasando por museos como el MALBA y el de Bellas Artes, que est\u00e1n enmarcados en grandes espacios al aire libre.<\/p>\t\t\t\t\t\t\t\t<\/div>\n\t\t\t\t<\/div>\n\t\t\t\t\t<\/div>\n\t\t<\/div>\n\t\t\t\t\t<\/div>\n\t\t<\/section>\n\t\t\t\t\t<\/div>\n\t\t<\/div>\n\t\t\t\t\t<\/div>\n\t\t<\/section>\n\t\t\t\t<section class=\"elementor-section elementor-top-section elementor-element elementor-element-5fce3ff elementor-section-full_width elementor-section-height-min-height elementor-section-height-default elementor-section-items-middle\" data-id=\"5fce3ff\" data-element_type=\"section\">\n\t\t\t\t\t\t<div class=\"elementor-container elementor-column-gap-no\">\n\t\t\t\t\t<div class=\"elementor-column elementor-col-50 elementor-top-column elementor-element elementor-element-d59df56\" data-id=\"d59df56\" data-element_type=\"column\">\n\t\t\t<div class=\"elementor-widget-wrap elementor-element-populated\">\n\t\t\t\t\t\t<div class=\"elementor-element elementor-element-f9bee1c animated-slow elementor-invisible elementor-widget elementor-widget-heading\" data-id=\"f9bee1c\" data-element_type=\"widget\" data-settings=\"{&quot;_animation&quot;:&quot;fadeIn&quot;}\" data-widget_type=\"heading.default\">\n\t\t\t\t<div class=\"elementor-widget-container\">\n\t\t\t\t\t<h2 class=\"elementor-heading-title elementor-size-default\">ESPECT\u00c1CULOS<\/h2>\t\t\t\t<\/div>\n\t\t\t\t<\/div>\n\t\t\t\t<section class=\"elementor-section elementor-inner-section elementor-element elementor-element-5b8b483 elementor-section-full_width elementor-section-height-default elementor-section-height-default\" data-id=\"5b8b483\" data-element_type=\"section\">\n\t\t\t\t\t\t<div class=\"elementor-container elementor-column-gap-no\">\n\t\t\t\t\t<div class=\"elementor-column elementor-col-100 elementor-inner-column elementor-element elementor-element-7fc8cc8\" data-id=\"7fc8cc8\" data-element_type=\"column\">\n\t\t\t<div class=\"elementor-widget-wrap elementor-element-populated\">\n\t\t\t\t\t\t<div class=\"elementor-element elementor-element-ef0fd30 animated-slow elementor-invisible elementor-widget elementor-widget-text-editor\" data-id=\"ef0fd30\" data-element_type=\"widget\" data-settings=\"{&quot;_animation&quot;:&quot;fadeIn&quot;,&quot;_animation_delay&quot;:100}\" data-widget_type=\"text-editor.default\">\n\t\t\t\t<div class=\"elementor-widget-container\">\n\t\t\t\t\t\t\t\t\t<p>Siempre hay algo para hacer en la Ciudad.<\/p><p>Te tenemos una noticia: \u00a1hay much\u00edsimas opciones para elegir!<\/p><p>La capital argentina es conocida por su vibrante escena cultural, y eso se refleja en la cantidad y variedad de espect\u00e1culos que se pueden encontrar en la ciudad. Desde obras de teatro en el famoso Corrientes, hasta conciertos de m\u00fasica en el Luna Park, pasando por espect\u00e1culos de danza en el Teatro Col\u00f3n. \u00a1Hay algo para todos los gustos y para todas las edades!<\/p>\t\t\t\t\t\t\t\t<\/div>\n\t\t\t\t<\/div>\n\t\t\t\t\t<\/div>\n\t\t<\/div>\n\t\t\t\t\t<\/div>\n\t\t<\/section>\n\t\t\t\t\t<\/div>\n\t\t<\/div>\n\t\t\t\t<div class=\"elementor-column elementor-col-50 elementor-top-column elementor-element elementor-element-7ac914a\" data-id=\"7ac914a\" data-element_type=\"column\" data-settings=\"{&quot;background_background&quot;:&quot;classic&quot;}\">\n\t\t\t<div class=\"elementor-widget-wrap elementor-element-populated\">\n\t\t\t\t\t\t<div class=\"elementor-element elementor-element-576a23f elementor-widget elementor-widget-image\" data-id=\"576a23f\" data-element_type=\"widget\" data-widget_type=\"image.default\">\n\t\t\t\t<div class=\"elementor-widget-container\">\n\t\t\t\t\t\t\t\t\t\t\t\t\t\t\t<img loading=\"lazy\" decoding=\"async\" width=\"1024\" height=\"683\" src=\"https:\/\/sumarecoleta.com\/wp-content\/uploads\/2022\/10\/nathana-reboucas-qMUayoIwBIs-unsplash-1024x683.jpg\" class=\"attachment-large size-large wp-image-831\" alt=\"\" srcset=\"https:\/\/sumarecoleta.com\/wp-content\/uploads\/2022\/10\/nathana-reboucas-qMUayoIwBIs-unsplash-1024x683.jpg 1024w, https:\/\/sumarecoleta.com\/wp-content\/uploads\/2022\/10\/nathana-reboucas-qMUayoIwBIs-unsplash-300x200.jpg 300w, https:\/\/sumarecoleta.com\/wp-content\/uploads\/2022\/10\/nathana-reboucas-qMUayoIwBIs-unsplash-768x512.jpg 768w, https:\/\/sumarecoleta.com\/wp-content\/uploads\/2022\/10\/nathana-reboucas-qMUayoIwBIs-unsplash-1536x1024.jpg 1536w, https:\/\/sumarecoleta.com\/wp-content\/uploads\/2022\/10\/nathana-reboucas-qMUayoIwBIs-unsplash-2048x1365.jpg 2048w, https:\/\/sumarecoleta.com\/wp-content\/uploads\/2022\/10\/nathana-reboucas-qMUayoIwBIs-unsplash-scaled.jpg 1400w\" sizes=\"(max-width: 1024px) 100vw, 1024px\" \/>\t\t\t\t\t\t\t\t\t\t\t\t\t\t\t<\/div>\n\t\t\t\t<\/div>\n\t\t\t\t\t<\/div>\n\t\t<\/div>\n\t\t\t\t\t<\/div>\n\t\t<\/section>\n\t\t\t\t<\/div>\n\t\t","protected":false},"excerpt":{"rendered":"<p>Buenos Aires CULTURA El desarrollo cultural se aprecia en la gran cantidad de museos, teatros y bibliotecas que pueden encontrarse en la ciudad. Tambi\u00e9n se destaca por su industria editorial y por tener una identidad cultural propia, reflejada en manifestaciones como el fileteado, el lunfardo, el tango, el mate y los carnavales porte\u00f1os. GASTRONOM\u00cdA La [&hellip;]<\/p>\n","protected":false},"author":1,"featured_media":0,"parent":0,"menu_order":0,"comment_status":"closed","ping_status":"closed","template":"elementor_header_footer","meta":{"ocean_post_layout":"","ocean_both_sidebars_style":"","ocean_both_sidebars_content_width":0,"ocean_both_sidebars_sidebars_width":0,"ocean_sidebar":"","ocean_second_sidebar":"","ocean_disable_margins":"enable","ocean_add_body_class":"","ocean_shortcode_before_top_bar":"","ocean_shortcode_after_top_bar":"","ocean_shortcode_before_header":"","ocean_shortcode_after_header":"","ocean_has_shortcode":"","ocean_shortcode_after_title":"","ocean_shortcode_before_footer_widgets":"","ocean_shortcode_after_footer_widgets":"","ocean_shortcode_before_footer_bottom":"","ocean_shortcode_after_footer_bottom":"","ocean_display_top_bar":"default","ocean_display_header":"default","ocean_header_style":"","ocean_center_header_left_menu":"","ocean_custom_header_template":"","ocean_custom_logo":0,"ocean_custom_retina_logo":0,"ocean_custom_logo_max_width":0,"ocean_custom_logo_tablet_max_width":0,"ocean_custom_logo_mobile_max_width":0,"ocean_custom_logo_max_height":0,"ocean_custom_logo_tablet_max_height":0,"ocean_custom_logo_mobile_max_height":0,"ocean_header_custom_menu":"","ocean_menu_typo_font_family":"","ocean_menu_typo_font_subset":"","ocean_menu_typo_font_size":0,"ocean_menu_typo_font_size_tablet":0,"ocean_menu_typo_font_size_mobile":0,"ocean_menu_typo_font_size_unit":"px","ocean_menu_typo_font_weight":"","ocean_menu_typo_font_weight_tablet":"","ocean_menu_typo_font_weight_mobile":"","ocean_menu_typo_transform":"","ocean_menu_typo_transform_tablet":"","ocean_menu_typo_transform_mobile":"","ocean_menu_typo_line_height":0,"ocean_menu_typo_line_height_tablet":0,"ocean_menu_typo_line_height_mobile":0,"ocean_menu_typo_line_height_unit":"","ocean_menu_typo_spacing":0,"ocean_menu_typo_spacing_tablet":0,"ocean_menu_typo_spacing_mobile":0,"ocean_menu_typo_spacing_unit":"","ocean_menu_link_color":"","ocean_menu_link_color_hover":"","ocean_menu_link_color_active":"","ocean_menu_link_background":"","ocean_menu_link_hover_background":"","ocean_menu_link_active_background":"","ocean_menu_social_links_bg":"","ocean_menu_social_hover_links_bg":"","ocean_menu_social_links_color":"","ocean_menu_social_hover_links_color":"","ocean_disable_title":"default","ocean_disable_heading":"default","ocean_post_title":"","ocean_post_subheading":"","ocean_post_title_style":"","ocean_post_title_background_color":"","ocean_post_title_background":0,"ocean_post_title_bg_image_position":"","ocean_post_title_bg_image_attachment":"","ocean_post_title_bg_image_repeat":"","ocean_post_title_bg_image_size":"","ocean_post_title_height":0,"ocean_post_title_bg_overlay":0.5,"ocean_post_title_bg_overlay_color":"","ocean_disable_breadcrumbs":"default","ocean_breadcrumbs_color":"","ocean_breadcrumbs_separator_color":"","ocean_breadcrumbs_links_color":"","ocean_breadcrumbs_links_hover_color":"","ocean_display_footer_widgets":"default","ocean_display_footer_bottom":"default","ocean_custom_footer_template":"","_joinchat":[],"footnotes":""},"class_list":["post-253","page","type-page","status-publish","hentry","entry"],"_links":{"self":[{"href":"https:\/\/sumarecoleta.com\/esp\/wp-json\/wp\/v2\/pages\/253","targetHints":{"allow":["GET"]}}],"collection":[{"href":"https:\/\/sumarecoleta.com\/esp\/wp-json\/wp\/v2\/pages"}],"about":[{"href":"https:\/\/sumarecoleta.com\/esp\/wp-json\/wp\/v2\/types\/page"}],"author":[{"embeddable":true,"href":"https:\/\/sumarecoleta.com\/esp\/wp-json\/wp\/v2\/users\/1"}],"replies":[{"embeddable":true,"href":"https:\/\/sumarecoleta.com\/esp\/wp-json\/wp\/v2\/comments?post=253"}],"version-history":[{"count":60,"href":"https:\/\/sumarecoleta.com\/esp\/wp-json\/wp\/v2\/pages\/253\/revisions"}],"predecessor-version":[{"id":1740,"href":"https:\/\/sumarecoleta.com\/esp\/wp-json\/wp\/v2\/pages\/253\/revisions\/1740"}],"wp:attachment":[{"href":"https:\/\/sumarecoleta.com\/esp\/wp-json\/wp\/v2\/media?parent=253"}],"curies":[{"name":"wp","href":"https:\/\/api.w.org\/{rel}","templated":true}]}}